{"id":760,"date":"2017-06-18T10:20:09","date_gmt":"2017-06-18T10:20:09","guid":{"rendered":"https:\/\/makowski.info\/?page_id=760"},"modified":"2017-06-18T11:19:08","modified_gmt":"2017-06-18T11:19:08","slug":"panstwo-nikt","status":"publish","type":"page","link":"https:\/\/makowski.info\/?page_id=760","title":{"rendered":"\u201ePa\u0144stwo Nikt\u2026\u201d"},"content":{"rendered":"<p>\u2026czyli \u201e<a href=\"https:\/\/makowski.info\/?p=521\">Pa\u0144stwo Nikt. Dzieje ludzi niewa\u017cnych<\/a>\u201d s\u0105 <a href=\"http:\/\/nikt.net\"><strong>tam<\/strong><\/a>.<br \/>\na na stronie i <a href=\"http:\/\/nikt.net\/?tag=zbigniew-makowski\"><strong>Zbigniew<\/strong><\/a>; i Barbara (przede wszystkim); i <a href=\"http:\/\/nikt.net\/?tag=mirek-makowski\">ja<\/a>\u2026<\/p>\n<blockquote><p>K\u0142opot, jaki mam z t\u0105 stron\u0105 jest i taki, \u017ce najefektowniejsze, najbardziej widoczne s\u0105 \u015blady, jakie zostawi\u0142 Zbigniew: w ko\u0144cu malarz, rysownik\u2026 A przecie\u017c nie on jest najwa\u017cniejszy w tej ksi\u0105\u017cce.<br \/>\n(\u2026)<br \/>\n\u201e<a href=\"http:\/\/nikt.net\/?p=1577\"><strong>Poezja wizualna<\/strong><\/a>\u201d<\/p><\/blockquote>\n<p>mr m.<br \/>\n<a href=\"http:\/\/nikt.net\/?p=1577\"><img loading=\"lazy\" decoding=\"async\" src=\"https:\/\/makowski.info\/wp-content\/uploads\/2017\/06\/poezja-wizualna-Zbigniew-Makowski-195x-051-B-i-C.jpg\" alt=\"\" width=\"1200\" height=\"840\" class=\"alignnone size-full wp-image-766\" srcset=\"https:\/\/makowski.info\/wp-content\/uploads\/2017\/06\/poezja-wizualna-Zbigniew-Makowski-195x-051-B-i-C.jpg 1200w, https:\/\/makowski.info\/wp-content\/uploads\/2017\/06\/poezja-wizualna-Zbigniew-Makowski-195x-051-B-i-C-600x420.jpg 600w, https:\/\/makowski.info\/wp-content\/uploads\/2017\/06\/poezja-wizualna-Zbigniew-Makowski-195x-051-B-i-C-300x210.jpg 300w, https:\/\/makowski.info\/wp-content\/uploads\/2017\/06\/poezja-wizualna-Zbigniew-Makowski-195x-051-B-i-C-768x538.jpg 768w, https:\/\/makowski.info\/wp-content\/uploads\/2017\/06\/poezja-wizualna-Zbigniew-Makowski-195x-051-B-i-C-1024x717.jpg 1024w\" sizes=\"auto, (max-width: 1200px) 100vw, 1200px\" \/><\/a><\/p>\n","protected":false},"excerpt":{"rendered":"<p>\u2026czyli \u201ePa\u0144stwo Nikt. Dzieje ludzi niewa\u017cnych\u201d s\u0105 tam. a na stronie i Zbigniew; i Barbara (przede wszystkim); i ja\u2026 K\u0142opot, jaki mam z t\u0105 stron\u0105 jest i taki, \u017ce najefektowniejsze, najbardziej widoczne s\u0105 \u015blady, jakie zostawi\u0142 Zbigniew: w ko\u0144cu malarz, rysownik\u2026 A przecie\u017c nie on jest najwa\u017cniejszy w tej ksi\u0105\u017cce. (\u2026) \u201ePoezja wizualna\u201d mr m.<\/p>\n","protected":false},"author":1,"featured_media":0,"parent":121,"menu_order":1,"comment_status":"closed","ping_status":"closed","template":"","meta":{"footnotes":""},"class_list":["post-760","page","type-page","status-publish","hentry"],"_links":{"self":[{"href":"https:\/\/makowski.info\/index.php?rest_route=\/wp\/v2\/pages\/760","targetHints":{"allow":["GET"]}}],"collection":[{"href":"https:\/\/makowski.info\/index.php?rest_route=\/wp\/v2\/pages"}],"about":[{"href":"https:\/\/makowski.info\/index.php?rest_route=\/wp\/v2\/types\/page"}],"author":[{"embeddable":true,"href":"https:\/\/makowski.info\/index.php?rest_route=\/wp\/v2\/users\/1"}],"replies":[{"embeddable":true,"href":"https:\/\/makowski.info\/index.php?rest_route=%2Fwp%2Fv2%2Fcomments&post=760"}],"version-history":[{"count":4,"href":"https:\/\/makowski.info\/index.php?rest_route=\/wp\/v2\/pages\/760\/revisions"}],"predecessor-version":[{"id":767,"href":"https:\/\/makowski.info\/index.php?rest_route=\/wp\/v2\/pages\/760\/revisions\/767"}],"up":[{"embeddable":true,"href":"https:\/\/makowski.info\/index.php?rest_route=\/wp\/v2\/pages\/121"}],"wp:attachment":[{"href":"https:\/\/makowski.info\/index.php?rest_route=%2Fwp%2Fv2%2Fmedia&parent=760"}],"curies":[{"name":"wp","href":"https:\/\/api.w.org\/{rel}","templated":true}]}}