{"id":893,"date":"2018-05-04T14:23:35","date_gmt":"2018-05-04T14:23:35","guid":{"rendered":"https:\/\/makowski.info\/?page_id=893"},"modified":"2025-03-27T08:39:58","modified_gmt":"2025-03-27T08:39:58","slug":"w-sieci-o","status":"publish","type":"page","link":"https:\/\/makowski.info\/?page_id=893","title":{"rendered":"w sieci o\u2026"},"content":{"rendered":"\n<p>\u2026Zbigniewie Makowskim<\/p>\n\n\n\n<p>\u2022 <a href=\"https:\/\/pl.wikipedia.org\/wiki\/Zbigniew_Makowski_(malarz)\"><strong>wikipedia<\/strong><\/a><br \/><br \/>\u2022 Ma\u0142gorzata Kitowska-\u0141ysiak, serwis \u201e<a href=\"https:\/\/culture.pl\/pl\/tworca\/zbigniew-makowski\"><strong>Culture pl<\/strong><\/a>\u201d<br \/>\u2022 Agnieszka Kuczy\u0144ska i <strong><a href=\"https:\/\/elementymag.art\/en\/lart-magique-przypadek-zbigniewa-makowskiego\/\" data-type=\"link\" data-id=\"https:\/\/elementymag.art\/en\/lart-magique-przypadek-zbigniewa-makowskiego\/\">ELEMENTY<\/a><\/strong><\/p>\n\n\n\n<p>\u2022 katalog wystawy <a href=\"https:\/\/zacheta.art.pl\/pl\/wystawy\/zbigniew-makowski\"><strong>Zach\u0119ta<\/strong><\/a> (1966); plik PDF do \u015bci\u0105gni\u0119cia<br \/>\u2022 <a href=\"http:\/\/docplayer.pl\/5960378-Malarstwo-zbigniew-makowski.html\"><strong>BWA Kilelce<\/strong><\/a>, katalog wystawy (2010\/11)<br \/>\u2022 MN Wroc\u0142aw: \u201e<a href=\"http:\/\/www.mnwr.art.pl\/CMS\/wystawy_czasowe\/Makowski.html\"><strong>Ksi\u0119gi artystyczne Zbigniewa Makowskiego<\/strong><\/a>\u201d, wystawa czasowa (2015)<br \/>\u2022 galeria \u201e<a href=\"http:\/\/zderzak.pl\/bio-makowski,36.html\"><strong>Zderzak<\/strong><\/a>\u201d (gdzie te\u017c cztery unikatowe ksi\u0105\u017cki, linki)<br \/>\u2022 50 ksi\u0105\u017cek, dar dla <a href=\"http:\/\/www.bn.org.pl\/aktualnosci\/428-dar-zbigniewa-makowskiego-wzbogacil-kolekcje-ksiazek-artystycznych-bn.html\"><strong>Biblioteki Narodowej<\/strong><\/a> (cz\u0119\u015b\u0107 skan\u00f3w dost\u0119pna po znalezieniu <a href=\"http:\/\/katalogi.bn.org.pl\/iii\/encore\/search\/C__Szbigniew%20makowski__Orightresult__U?lang=pol&amp;suite=cobalt\">w <strong>wyszukiwarce<\/strong><\/a>)<br \/>\u2022 <a href=\"https:\/\/vod.tvp.pl\/video\/portrety,zbigniew-makowski,40811737\"><strong>dokument TVP<\/strong><\/a> \u201ePortrety\u201d<br \/>\u2022 d\u0142u\u017cszy <a href=\"https:\/\/www.tygodnikpowszechny.pl\/sen-w-obecnosci-rozumu-160364\"><strong>nekrolog<\/strong><\/a> z \u201eTygodnika Powszechnego, autor: Wojciech Bonowicz, nie bez pewnych\u2026 uproszcze\u0144, powiedzmy; czy nawet <a href=\"https:\/\/makowski.info\/?p=2676\" data-type=\"post\" data-id=\"2676\"><strong>mitologii<\/strong><\/a>\u2026<br \/>\u2022 i wreszcie strona z serwisu:<span style=\"font-size: inherit;\">\u00a0<\/span><a style=\"font-size: inherit;\" href=\"https:\/\/pl-pl.facebook.com\/Zbigniew-Makowski-438499752863885\/\"><strong>facebook<\/strong><\/a><\/p>\n\n\n\n<p><\/p>\n","protected":false},"excerpt":{"rendered":"<p>\u2026Zbigniewie Makowskim \u2022 wikipedia \u2022 Ma\u0142gorzata Kitowska-\u0141ysiak, serwis \u201eCulture pl\u201d\u2022 Agnieszka Kuczy\u0144ska i ELEMENTY \u2022 katalog wystawy Zach\u0119ta (1966); plik PDF do \u015bci\u0105gni\u0119cia\u2022 BWA Kilelce, katalog wystawy (2010\/11)\u2022 MN Wroc\u0142aw: \u201eKsi\u0119gi artystyczne Zbigniewa Makowskiego\u201d, wystawa czasowa (2015)\u2022 galeria \u201eZderzak\u201d (gdzie te\u017c cztery unikatowe ksi\u0105\u017cki, linki)\u2022 50 ksi\u0105\u017cek, dar dla Biblioteki Narodowej (cz\u0119\u015b\u0107 skan\u00f3w dost\u0119pna po [&hellip;]<\/p>\n","protected":false},"author":1,"featured_media":0,"parent":0,"menu_order":0,"comment_status":"closed","ping_status":"closed","template":"","meta":{"footnotes":""},"class_list":["post-893","page","type-page","status-publish","hentry"],"_links":{"self":[{"href":"https:\/\/makowski.info\/index.php?rest_route=\/wp\/v2\/pages\/893","targetHints":{"allow":["GET"]}}],"collection":[{"href":"https:\/\/makowski.info\/index.php?rest_route=\/wp\/v2\/pages"}],"about":[{"href":"https:\/\/makowski.info\/index.php?rest_route=\/wp\/v2\/types\/page"}],"author":[{"embeddable":true,"href":"https:\/\/makowski.info\/index.php?rest_route=\/wp\/v2\/users\/1"}],"replies":[{"embeddable":true,"href":"https:\/\/makowski.info\/index.php?rest_route=%2Fwp%2Fv2%2Fcomments&post=893"}],"version-history":[{"count":22,"href":"https:\/\/makowski.info\/index.php?rest_route=\/wp\/v2\/pages\/893\/revisions"}],"predecessor-version":[{"id":4571,"href":"https:\/\/makowski.info\/index.php?rest_route=\/wp\/v2\/pages\/893\/revisions\/4571"}],"wp:attachment":[{"href":"https:\/\/makowski.info\/index.php?rest_route=%2Fwp%2Fv2%2Fmedia&parent=893"}],"curies":[{"name":"wp","href":"https:\/\/api.w.org\/{rel}","templated":true}]}}